{"id":134,"date":"2010-05-12T09:14:53","date_gmt":"2010-05-12T07:14:53","guid":{"rendered":"http:\/\/antoinedenisa.milset.org\/blog\/?page_id=134"},"modified":"2011-06-02T12:44:22","modified_gmt":"2011-06-02T10:44:22","slug":"location","status":"publish","type":"page","link":"https:\/\/ad.evanruymbeke.be\/blog\/information\/location\/","title":{"rendered":"Place"},"content":{"rendered":"<p>We will welcome you\u00a0in different places witnesses of Denisa&#8217;s childhood.<\/p>\n<p>Discover more about <a href=\"http:\/\/www.dolnibenesov.cz\" target=\"_blank\">Doln\u00ed Bene\u0161ov<\/a> and <a href=\"http:\/\/www.ludgerovice.cz\" target=\"_blank\">Ludge\u0159ovice<\/a><\/p>\n<h2>Doln\u00ed Bene\u0161ov, Czech Republic<\/h2>\n<p>Hometown of Denisa, Doln\u00ed Bene\u0161ov is a small town in the Moravian-Silesian Region of the Czech Republic.<\/p>\n<figure id=\"attachment_373\" aria-describedby=\"caption-attachment-373\" style=\"width: 175px\" class=\"wp-caption alignright\"><a href=\"\/blog\/wp-content\/uploads\/2010\/11\/kul_dum.jpg\"><img decoding=\"async\" src=\"\/blog\/wp-content\/uploads\/2010\/11\/kul_dum.jpg\" alt=\"\" title=\"Kulturn\u00ed d\u016fm, Doln\u00ed Bene\u0161ov\" width=\"175\" class=\"size-medium wp-image-373\" \/><\/a><figcaption id=\"caption-attachment-373\" class=\"wp-caption-text\">\u00a9 dolnibenesov.cz<\/figcaption><\/figure>\n<h3>Kulturn\u00ed d\u016fm, Doln\u00ed Bene\u0161ov<\/h3>\n<p>Kulturn\u00ed d\u016fm Doln\u00ed Bene\u0161ov<br \/>\nOpavsk\u00e1 161<br \/>\n747 22 Doln\u00ed Bene\u0161ov<br \/>\nCzech Republic<\/p>\n<div style=\"clear:both\"><\/div>\n<figure id=\"attachment_372\" aria-describedby=\"caption-attachment-372\" style=\"width: 175px\" class=\"wp-caption alignright\"><a href=\"\/blog\/wp-content\/uploads\/2010\/11\/church.jpg\"><img decoding=\"async\" src=\"\/blog\/wp-content\/uploads\/2010\/11\/church.jpg\" alt=\"\" title=\"Church of St. Nicholas, Ludge\u0159ovice\" width=\"175\" class=\"size-medium wp-image-372\" srcset=\"https:\/\/ad.evanruymbeke.be\/blog\/wp-content\/uploads\/2010\/11\/church.jpg 576w, https:\/\/ad.evanruymbeke.be\/blog\/wp-content\/uploads\/2010\/11\/church-203x300.jpg 203w, https:\/\/ad.evanruymbeke.be\/blog\/wp-content\/uploads\/2010\/11\/church-101x150.jpg 101w, https:\/\/ad.evanruymbeke.be\/blog\/wp-content\/uploads\/2010\/11\/church-400x590.jpg 400w\" sizes=\"(max-width: 576px) 100vw, 576px\" \/><\/a><figcaption id=\"caption-attachment-372\" class=\"wp-caption-text\">\u00a9 ludgerovice.cz<\/figcaption><\/figure>\n<h3>Church of St. Nicholas, Ludge\u0159ovice<\/h3>\n<p>This monumental Neo-Gothic structure made of glazed bricks and gray Ludge\u0159ovice dominated village, which lies between the city and Hlu\u010d\u00edn. Church of St. Nicholas was built between 1906-1907 and initiated the construction of the first parish priest Alois Ludge\u0159ovick\u00fd. The church architect Josef Holuscha was designer and builder. It is a single building with a tower of 75 meters high, the sacristy and the chapel on the side of the church. Inside the church we deliver the main altar of St. Nicholas from 1909, the side altar of St. Barbara and the family Bible, and 14 images of the cross.<\/p>\n<p>Kostel sv. Mikul\u00e1\u0161e<br \/>\nMarkvartovick\u00e1<br \/>\n74714 Ludge\u0159ovice<br \/>\nCzech Republic<\/p>\n","protected":false},"excerpt":{"rendered":"<p>We will welcome you\u00a0in different places witnesses of Denisa&#8217;s childhood. Discover more about Doln\u00ed Bene\u0161ov and Ludge\u0159ovice Doln\u00ed Bene\u0161ov, Czech Republic Hometown of Denisa, Doln\u00ed Bene\u0161ov is a small town in the Moravian-Silesian Region of the Czech Republic. Kulturn\u00ed d\u016fm, Doln\u00ed Bene\u0161ov Kulturn\u00ed d\u016fm Doln\u00ed Bene\u0161ov Opavsk\u00e1 161 747 22 Doln\u00ed Bene\u0161ov Czech Republic Church [&hellip;]<\/p>\n","protected":false},"author":1,"featured_media":0,"parent":125,"menu_order":3,"comment_status":"closed","ping_status":"closed","template":"","meta":{"footnotes":""},"class_list":["post-134","page","type-page","status-publish","hentry"],"_links":{"self":[{"href":"https:\/\/ad.evanruymbeke.be\/blog\/wp-json\/wp\/v2\/pages\/134","targetHints":{"allow":["GET"]}}],"collection":[{"href":"https:\/\/ad.evanruymbeke.be\/blog\/wp-json\/wp\/v2\/pages"}],"about":[{"href":"https:\/\/ad.evanruymbeke.be\/blog\/wp-json\/wp\/v2\/types\/page"}],"author":[{"embeddable":true,"href":"https:\/\/ad.evanruymbeke.be\/blog\/wp-json\/wp\/v2\/users\/1"}],"replies":[{"embeddable":true,"href":"https:\/\/ad.evanruymbeke.be\/blog\/wp-json\/wp\/v2\/comments?post=134"}],"version-history":[{"count":30,"href":"https:\/\/ad.evanruymbeke.be\/blog\/wp-json\/wp\/v2\/pages\/134\/revisions"}],"predecessor-version":[{"id":498,"href":"https:\/\/ad.evanruymbeke.be\/blog\/wp-json\/wp\/v2\/pages\/134\/revisions\/498"}],"up":[{"embeddable":true,"href":"https:\/\/ad.evanruymbeke.be\/blog\/wp-json\/wp\/v2\/pages\/125"}],"wp:attachment":[{"href":"https:\/\/ad.evanruymbeke.be\/blog\/wp-json\/wp\/v2\/media?parent=134"}],"curies":[{"name":"wp","href":"https:\/\/api.w.org\/{rel}","templated":true}]}}