{"id":198,"date":"2010-06-13T22:18:38","date_gmt":"2010-06-13T20:18:38","guid":{"rendered":"http:\/\/antoinedenisa.milset.org\/blog\/?page_id=198"},"modified":"2010-11-04T14:47:00","modified_gmt":"2010-11-04T12:47:00","slug":"programme","status":"publish","type":"page","link":"https:\/\/ad.evanruymbeke.be\/blog\/information\/programme\/","title":{"rendered":"Programme"},"content":{"rendered":"<p><img loading=\"lazy\" decoding=\"async\" class=\"alignright size-full wp-image-343\" title=\"programme\" src=\"http:\/\/antoinedenisa.milset.org\/blog\/wp-content\/uploads\/2010\/10\/programme.gif\" alt=\"\" width=\"175\" height=\"204\" srcset=\"https:\/\/ad.evanruymbeke.be\/blog\/wp-content\/uploads\/2010\/10\/programme.gif 175w, https:\/\/ad.evanruymbeke.be\/blog\/wp-content\/uploads\/2010\/10\/programme-128x150.gif 128w\" sizes=\"auto, (max-width: 175px) 100vw, 175px\" \/><\/p>\n<table align=\"center\">\n<tbody>\n<tr>\n<td width=\"50\">11:00<\/td>\n<td>Ceremony at Saint Nicholas Church, Ludge\u0159ovice<\/td>\n<\/tr>\n<tr>\n<td>13:15<\/td>\n<td>Musical aperitif at Doln\u00ed Bene\u0161ov Cultural House<\/td>\n<\/tr>\n<tr>\n<td>14:45<\/td>\n<td>Festive lunch at Doln\u00ed Bene\u0161ov Cultural House<\/td>\n<\/tr>\n<tr>\n<td>18:30<\/td>\n<td>Joyous party at Doln\u00ed Bene\u0161ov Cultural House<\/td>\n<\/tr>\n<\/tbody>\n<\/table>\n","protected":false},"excerpt":{"rendered":"<p>11:00 Ceremony at Saint Nicholas Church, Ludge\u0159ovice 13:15 Musical aperitif at Doln\u00ed Bene\u0161ov Cultural House 14:45 Festive lunch at Doln\u00ed Bene\u0161ov Cultural House 18:30 Joyous party at Doln\u00ed Bene\u0161ov Cultural House<\/p>\n","protected":false},"author":1,"featured_media":0,"parent":125,"menu_order":1,"comment_status":"closed","ping_status":"closed","template":"","meta":{"footnotes":""},"class_list":["post-198","page","type-page","status-publish","hentry"],"_links":{"self":[{"href":"https:\/\/ad.evanruymbeke.be\/blog\/wp-json\/wp\/v2\/pages\/198","targetHints":{"allow":["GET"]}}],"collection":[{"href":"https:\/\/ad.evanruymbeke.be\/blog\/wp-json\/wp\/v2\/pages"}],"about":[{"href":"https:\/\/ad.evanruymbeke.be\/blog\/wp-json\/wp\/v2\/types\/page"}],"author":[{"embeddable":true,"href":"https:\/\/ad.evanruymbeke.be\/blog\/wp-json\/wp\/v2\/users\/1"}],"replies":[{"embeddable":true,"href":"https:\/\/ad.evanruymbeke.be\/blog\/wp-json\/wp\/v2\/comments?post=198"}],"version-history":[{"count":26,"href":"https:\/\/ad.evanruymbeke.be\/blog\/wp-json\/wp\/v2\/pages\/198\/revisions"}],"predecessor-version":[{"id":384,"href":"https:\/\/ad.evanruymbeke.be\/blog\/wp-json\/wp\/v2\/pages\/198\/revisions\/384"}],"up":[{"embeddable":true,"href":"https:\/\/ad.evanruymbeke.be\/blog\/wp-json\/wp\/v2\/pages\/125"}],"wp:attachment":[{"href":"https:\/\/ad.evanruymbeke.be\/blog\/wp-json\/wp\/v2\/media?parent=198"}],"curies":[{"name":"wp","href":"https:\/\/api.w.org\/{rel}","templated":true}]}}