{"id":446,"date":"2011-01-30T22:36:47","date_gmt":"2011-01-30T20:36:47","guid":{"rendered":"http:\/\/antoinedenisa.milset.org\/blog\/?page_id=446"},"modified":"2025-06-15T15:20:17","modified_gmt":"2025-06-15T13:20:17","slug":"glossary","status":"publish","type":"page","link":"https:\/\/ad.evanruymbeke.be\/blog\/information\/glossary\/","title":{"rendered":"Glossary"},"content":{"rendered":"<p>We advice you to browse this page in English.<br \/>\n\u00a0<center><\/p>\n<table>\n<tbody>\n<tr>\n<td style=\"background: #000000; color: #ffffff; font-weight: bold;\" width=\"33%\">English<\/td>\n<td style=\"background: #000000; color: #ffffff; font-weight: bold;\" width=\"33%\">Fran\u00e7ais<\/td>\n<td style=\"background: #000000; color: #ffffff; font-weight: bold;\" width=\"33%\">\u010de\u0161tina<\/td>\n<\/tr>\n<tr>\n<td>Hi<\/td>\n<td>Salut<\/td>\n<td>Ahoj<\/td>\n<\/tr>\n<tr>\n<td>Hello<\/td>\n<td>Bonjour<\/td>\n<td>Dobr\u00fd den<\/td>\n<\/tr>\n<tr>\n<td>Good evening<\/td>\n<td>Bonsoir<\/td>\n<td>Dobr\u00fd ve\u010der<\/td>\n<\/tr>\n<tr>\n<td>Good night!<\/td>\n<td>Bonne nuit<\/td>\n<td>Dobrou noc<\/td>\n<\/tr>\n<tr>\n<td>Good bye<\/td>\n<td>Au revoir<\/td>\n<td>Nashledanou<\/td>\n<\/tr>\n<tr>\n<td>Cheer<\/td>\n<td>Sant\u00e9<\/td>\n<td>na zdrav\u00ed<\/td>\n<\/tr>\n<tr>\n<td>How do you do?<\/td>\n<td>Comment allez-vous ?<\/td>\n<td>Jak se m\u00e1\u0161?<\/td>\n<\/tr>\n<tr>\n<td>Where do you come from?<\/td>\n<td>D&#8217;o\u00f9 venez-vous ?<\/td>\n<td>Odkud jsi?<\/td>\n<\/tr>\n<tr>\n<td>The bride is very beautiful<\/td>\n<td>La mari\u00e9e est tr\u00e8s jolie<\/td>\n<td>Nev\u011bsta je kr\u00e1sn\u00e1<\/td>\n<\/tr>\n<tr>\n<td>Enjoy your meal<\/td>\n<td>Bon app\u00e9tit<\/td>\n<td>Dobrou chu\u0165<\/td>\n<\/tr>\n<tr>\n<td>Where is&#8230;<\/td>\n<td>o\u00f9 se trouve&#8230;<\/td>\n<td>kde je&#8230;(kde se nach\u00e1z\u00ed?)<\/td>\n<\/tr>\n<tr>\n<td>yes<\/td>\n<td>oui<\/td>\n<td>ano<\/td>\n<\/tr>\n<tr>\n<td>no<\/td>\n<td>non<\/td>\n<td>ne<\/td>\n<\/tr>\n<tr>\n<td>please<\/td>\n<td>s&#8217;il vous plait<\/td>\n<td>pros\u00edm<\/td>\n<\/tr>\n<tr>\n<td>You&#8217;re welcome.<\/td>\n<td>il n&#8217;y a pas de quoi<\/td>\n<td>Nen\u00ed za\u010d.<\/td>\n<\/tr>\n<tr>\n<td>Thank you.<\/td>\n<td>merci<\/td>\n<td>D\u011bkuji.<\/td>\n<\/tr>\n<tr>\n<td>a little<\/td>\n<td>un peu<\/td>\n<td>trochu<\/td>\n<\/tr>\n<tr>\n<td>a lot<\/td>\n<td>beaucoup<\/td>\n<td>hodn\u011b<\/td>\n<\/tr>\n<tr>\n<td>Have a nice day!<\/td>\n<td>Passez une belle journ\u00e9e !<\/td>\n<td>Hezk\u00fd den!<\/td>\n<\/tr>\n<tr>\n<td>What time is it?<\/td>\n<td>Quelle heure est-il ?<\/td>\n<td>Kolik je hodin?<\/td>\n<\/tr>\n<tr>\n<td>I&#8217;m on a diet<\/td>\n<td>je suis au r\u00e9gime<\/td>\n<td>M\u00e1m dietu<\/td>\n<\/tr>\n<tr>\n<td>coffee<\/td>\n<td>caf\u00e9<\/td>\n<td>k\u00e1va<\/td>\n<\/tr>\n<tr>\n<td>water<\/td>\n<td>eau<\/td>\n<td>voda<\/td>\n<\/tr>\n<tr>\n<td>tea<\/td>\n<td>th\u00e9<\/td>\n<td>\u010daj<\/td>\n<\/tr>\n<tr>\n<td>beer<\/td>\n<td>Bi\u00e8re<\/td>\n<td>pivo<\/td>\n<\/tr>\n<tr>\n<td>wine<\/td>\n<td>vin<\/td>\n<td>v\u00edno<\/td>\n<\/tr>\n<tr>\n<td>breakfast<\/td>\n<td>D\u00e9jeuner<\/td>\n<td>sn\u00eddan\u011b<\/td>\n<\/tr>\n<tr>\n<td>lunch<\/td>\n<td>Diner<\/td>\n<td>ob\u011bd<\/td>\n<\/tr>\n<tr>\n<td>dinner<\/td>\n<td>Souper<\/td>\n<td>ve\u010de\u0159e<\/td>\n<\/tr>\n<tr>\n<td>How much cost &#8230; ?<\/td>\n<td>Combien co\u00fbte &#8230; ?<\/td>\n<td>Kolik stoj\u00ed&#8230;?<\/td>\n<\/tr>\n<tr>\n<td>church<\/td>\n<td>\u00e9glise<\/td>\n<td>kostel<\/td>\n<\/tr>\n<\/tbody>\n<\/table>\n<p><\/center><\/p>\n","protected":false},"excerpt":{"rendered":"<p>We advice you to browse this page in English. \u00a0 English Fran\u00e7ais \u010de\u0161tina Hi Salut Ahoj Hello Bonjour Dobr\u00fd den Good evening Bonsoir Dobr\u00fd ve\u010der Good night! Bonne nuit Dobrou noc Good bye Au revoir Nashledanou Cheer Sant\u00e9 na zdrav\u00ed How do you do? Comment allez-vous ? Jak se m\u00e1\u0161? Where do you come from? [&hellip;]<\/p>\n","protected":false},"author":1,"featured_media":0,"parent":125,"menu_order":20,"comment_status":"closed","ping_status":"closed","template":"","meta":{"footnotes":""},"class_list":["post-446","page","type-page","status-publish","hentry"],"_links":{"self":[{"href":"https:\/\/ad.evanruymbeke.be\/blog\/wp-json\/wp\/v2\/pages\/446","targetHints":{"allow":["GET"]}}],"collection":[{"href":"https:\/\/ad.evanruymbeke.be\/blog\/wp-json\/wp\/v2\/pages"}],"about":[{"href":"https:\/\/ad.evanruymbeke.be\/blog\/wp-json\/wp\/v2\/types\/page"}],"author":[{"embeddable":true,"href":"https:\/\/ad.evanruymbeke.be\/blog\/wp-json\/wp\/v2\/users\/1"}],"replies":[{"embeddable":true,"href":"https:\/\/ad.evanruymbeke.be\/blog\/wp-json\/wp\/v2\/comments?post=446"}],"version-history":[{"count":11,"href":"https:\/\/ad.evanruymbeke.be\/blog\/wp-json\/wp\/v2\/pages\/446\/revisions"}],"predecessor-version":[{"id":590,"href":"https:\/\/ad.evanruymbeke.be\/blog\/wp-json\/wp\/v2\/pages\/446\/revisions\/590"}],"up":[{"embeddable":true,"href":"https:\/\/ad.evanruymbeke.be\/blog\/wp-json\/wp\/v2\/pages\/125"}],"wp:attachment":[{"href":"https:\/\/ad.evanruymbeke.be\/blog\/wp-json\/wp\/v2\/media?parent=446"}],"curies":[{"name":"wp","href":"https:\/\/api.w.org\/{rel}","templated":true}]}}